{"id":5974,"date":"2015-07-16T09:12:51","date_gmt":"2015-07-16T09:12:51","guid":{"rendered":"https:\/\/leogrand.com.ua\/pl\/contact\/"},"modified":"2021-12-09T12:00:18","modified_gmt":"2021-12-09T10:00:18","slug":"contact","status":"publish","type":"page","link":"https:\/\/leogrand.com.ua\/pl\/contact\/","title":{"rendered":"Kontakt"},"content":{"rendered":"<\/div><\/div><\/div><!-- close content main div --><\/div><\/div><div id='av_section_1' class='avia-section main_color avia-section-huge avia-no-border-styling avia-full-contain avia-bg-style-scroll   av-arrow-down-section container_wrap fullsize' style = 'background-repeat: no-repeat; background-image: url(https:\/\/leogrand.com.ua\/wp-content\/uploads\/2015\/07\/ornament-bg-top-small-1.png); background-attachment: scroll; background-position: top center; ' data-section-bg-repeat='contain' ><div class='container' ><div class='template-page content  av-content-full alpha units'><div class='post-entry post-entry-type-page post-entry-5974'><div class='entry-content-wrapper clearfix'>\n<div class=\"flex_column av_one_full  flex_column_div first  \" style='margin-top:-100px; margin-bottom:0px; padding:30px; background-color:#ffffff; border-radius:0px; '><div style='padding-bottom:20px;font-size:40px;' class='av-special-heading av-special-heading-h1  blockquote modern-quote modern-centered   av-inherit-size '><h1 class='av-special-heading-tag '  itemprop=\"headline\"  >Nasz adres<\/h1><div class='special-heading-border'><div class='special-heading-inner-border' ><\/div><\/div><\/div><\/div><div style=' margin-top:0px; margin-bottom:70px;'  class='hr hr-custom hr-center hr-icon-yes  '><span class='hr-inner   inner-border-av-border-fat' style=' width:50px; border-color:#fb5a00;' ><span class='hr-inner-style'><\/span><\/span><span class='av-seperator-icon' style='color:#fb5a00;' aria-hidden='true' data-av_icon='\ue8ce' data-av_iconfont='entypo-fontello'><\/span><span class='hr-inner   inner-border-av-border-fat' style=' width:50px; border-color:#fb5a00;' ><span class='hr-inner-style'><\/span><\/span><\/div>\n<div class=\"flex_column av_three_fifth  av-animated-generic bottom-to-top  flex_column_div first  \" style='padding:8px 0px 0px 0px ; border-radius:0px; '><p><div style='padding-bottom:10px;' class='av-special-heading av-special-heading-h3  blockquote modern-quote   '><h3 class='av-special-heading-tag '  itemprop=\"headline\"  >Gdzie wynaj\u0105\u0107 mieszkanie we Lwowie?<\/h3><div class='special-heading-border'><div class='special-heading-inner-border' ><\/div><\/div><\/div><br \/>\n<section class=\"av_textblock_section \"  itemscope=\"itemscope\" itemtype=\"https:\/\/schema.org\/CreativeWork\" ><div class='avia_textblock  '   itemprop=\"text\" ><p>Je\u015bli jeste\u015b przekonany, \u017ce taka opcja mieszkania jest dla Ciebie, koniecznie skontaktuj si\u0119 z firm\u0105 &#8222;Leo Grand&#8221;. Na stronie leogrand.com.ua z \u0142atwo\u015bci\u0105, po ustaleniu niezb\u0119dnych kryteri\u00f3w, mo\u017cesz wybra\u0107 w\u0142asny dom. Je\u015bli nie masz takiej mo\u017cliwo\u015bci, skontaktuj si\u0119 z naszymi wykwalifikowanymi mened\u017cerami. Oni szybko <span lang=\"pl\">odbior\u0105 <\/span>kilka opcji spe\u0142niaj\u0105cych Twoje wymagania. Upewni\u0107 si\u0119 w jako\u015bci naszych us\u0142ug pomo\u017ce ocena wdzi\u0119cznych klient\u00f3w. Oferujemy tylko wysokiej jako\u015bci zakwaterowanie po okazyjnej cenie.<\/p>\n<\/div><\/section><\/p><\/div><div class=\"flex_column av_two_fifth  av-animated-generic bottom-to-top  flex_column_div av-zero-column-padding   \" style='border-radius:0px; '><section class=\"av_textblock_section \"  itemscope=\"itemscope\" itemtype=\"https:\/\/schema.org\/CreativeWork\" ><div class='avia_textblock  '   itemprop=\"text\" ><p><img loading=\"lazy\" decoding=\"async\" class=\"alignnone size-medium wp-image-10\" src=\"http:\/\/leogrand-com.esy.es\/wp-content\/uploads\/2018\/05\/logo_n-300x63.png\" alt=\"\" width=\"300\" height=\"63\" srcset=\"https:\/\/leogrand.com.ua\/wp-content\/uploads\/2018\/05\/logo_n-300x63.png 300w, https:\/\/leogrand.com.ua\/wp-content\/uploads\/2018\/05\/logo_n-600x127.png 600w, https:\/\/leogrand.com.ua\/wp-content\/uploads\/2018\/05\/logo_n-768x162.png 768w, https:\/\/leogrand.com.ua\/wp-content\/uploads\/2018\/05\/logo_n-705x149.png 705w, https:\/\/leogrand.com.ua\/wp-content\/uploads\/2018\/05\/logo_n.png 792w\" sizes=\"(max-width: 300px) 100vw, 300px\" \/><\/p>\n<p><strong>Lw\u00f3w, ul. Ostap Nyzhankovsky, 3<\/strong><\/p>\n<p><strong>office@leogrand.com.ua<\/strong><\/p>\n<h3><a href=\"tel:+38 067 673 27 27\">+38 067 673 27 27<\/a><\/h3>\n<\/div><\/section><\/div><div id='av_gmap_1' class='avia-google-map-container ' data-mapid='1' style='height: 550px;'><\/div><\/p>\n","protected":false},"excerpt":{"rendered":"","protected":false},"author":1,"featured_media":0,"parent":0,"menu_order":0,"comment_status":"open","ping_status":"open","template":"","meta":{"footnotes":""},"_links":{"self":[{"href":"https:\/\/leogrand.com.ua\/pl\/wp-json\/wp\/v2\/pages\/5974"}],"collection":[{"href":"https:\/\/leogrand.com.ua\/pl\/wp-json\/wp\/v2\/pages"}],"about":[{"href":"https:\/\/leogrand.com.ua\/pl\/wp-json\/wp\/v2\/types\/page"}],"author":[{"embeddable":true,"href":"https:\/\/leogrand.com.ua\/pl\/wp-json\/wp\/v2\/users\/1"}],"replies":[{"embeddable":true,"href":"https:\/\/leogrand.com.ua\/pl\/wp-json\/wp\/v2\/comments?post=5974"}],"version-history":[{"count":7,"href":"https:\/\/leogrand.com.ua\/pl\/wp-json\/wp\/v2\/pages\/5974\/revisions"}],"predecessor-version":[{"id":19510,"href":"https:\/\/leogrand.com.ua\/pl\/wp-json\/wp\/v2\/pages\/5974\/revisions\/19510"}],"wp:attachment":[{"href":"https:\/\/leogrand.com.ua\/pl\/wp-json\/wp\/v2\/media?parent=5974"}],"curies":[{"name":"wp","href":"https:\/\/api.w.org\/{rel}","templated":true}]}}